{"id":28,"date":"2022-01-05T12:44:05","date_gmt":"2022-01-05T12:44:05","guid":{"rendered":"https:\/\/benedetto.deutsches-ehrenamt.de\/?page_id=28"},"modified":"2025-04-02T16:30:52","modified_gmt":"2025-04-02T14:30:52","slug":"impressum","status":"publish","type":"page","link":"https:\/\/benedetto.deutsches-ehrenamt.de\/vereinsmagazin\/impressum\/","title":{"rendered":"Impressum"},"content":{"rendered":"\n<div style=\"height:20px\" aria-hidden=\"true\" class=\"wp-block-spacer\"><\/div>\n\n\n\n<div class=\"wp-block-group\"><div class=\"wp-block-group__inner-container is-layout-constrained wp-block-group-is-layout-constrained\">\n<h1 class=\"wp-block-heading\">Impressum<\/h1>\n\n\n\n<h3 class=\"wp-block-heading\"><strong>STIFTUNG DEUTSCHES EHRENAMT gemeinn\u00fctzige GmbH<\/strong><\/h3>\n\n\n\n<p>Leonrodstr. 68<br>80636 M\u00fcnchen<\/p>\n\n\n\n<p>Vertreten durch:<br>Gerrit Nolte, Fabio Palese, Michael Dittmann<\/p>\n\n\n\n<p><strong>Kontakt:<br><\/strong>Telefon: 089 2648514 80<br>E-Mail:&nbsp;<a href=\"mailto:info@stiftung-deutsches-ehrenamt.de\">info@stiftung-deutsches-ehrenamt.de<\/a><br>Website:&nbsp;<a href=\"http:\/\/www.deutsches-ehrenamt.de\/\">www.deutsches-ehrenamt.de<\/a><\/p>\n\n\n\n<p><strong>Registereintrag:<br><\/strong>Eintragung im Handelsregister<br>Registergericht: Amtsgericht M\u00fcnchen<br>Registernummer: HRB 296393<\/p>\n\n\n\n<p><strong>Steuerliche Angaben:<\/strong><br>Steuernummer: 143\/237\/70159<br>Die STIFTUNG DEUTSCHES EHRENAMT gGmbH ist nach \u00a7 5 Abs. 1 Nr. 9 KStG von der K\u00f6rperschaftsteuer befreit.<\/p>\n\n\n\n<p><strong>Angaben zur Gemeinn\u00fctzigkeit:<\/strong><br>Die STIFTUNG DEUTSCHES EHRENAMT verfolgt ausschlie\u00dflich und unmittelbar gemeinn\u00fctzige Zwecke im Sinne der \u00a7\u00a7 51 ff. der Abgabenordnung (AO).<\/p>\n\n\n\n<p><strong>Verantwortlich f\u00fcr den Inhalt gem\u00e4\u00df \u00a7 18 Abs. 2 MStV:<\/strong><br>Gerrit Nolte, Leonrodstr. 68, 80636 M\u00fcnchen<\/p>\n\n\n\n<p><strong>Haftungsausschluss:<br><\/strong>Trotz sorgf\u00e4ltiger inhaltlicher Kontrolle \u00fcbernehmen wir keine Haftung f\u00fcr die Inhalte externer Links. F\u00fcr den Inhalt der verlinkten Seiten sind ausschlie\u00dflich deren Betreiber verantwortlich.<\/p>\n\n\n\n<h3 class=\"wp-block-heading\">Inhalte:<\/h3>\n\n\n\n<p>F\u00fcr die Inhalte der gefundenen Angebote sind die jeweiligen Betreiber verantwortlich.<\/p>\n\n\n\n<p>Copyright, Patent, und Marken: Namen, Marken und Copyrights sind Eigentum der jeweiligen Unternehmen.<\/p>\n\n\n\n<h3 class=\"wp-block-heading\">Hinweis nach \u00a7 36 Verbraucherstreitbeilegungsgesetz (VSBG):<\/h3>\n\n\n\n<p>Das Gesetz \u00fcber die alternative Streitbeilegung in Verbrauchersachen erfordert, dass wir Sie an dieser Stelle auf eine f\u00fcr Sie zust\u00e4ndige Verbraucherschlichtungsstelle hinweisen: Allgemeine Verbraucherschlichtungsstelle des Zentrums f\u00fcr Schlichtung e. V., Stra\u00dfburger Str. 8 , 77694 Kehl am Rhein. <a href=\"https:\/\/www.verbraucher-schlichter.de\">https:\/\/www.verbraucher-schlichter.de<\/a>. Wir selbst nehmen nicht an einem Streitbeilegungsverfahren vor einer Verbraucherschlichtungsstelle teil.<\/p>\n\n\n\n<h3 class=\"wp-block-heading\">Alternative Streitbeilegung gem\u00e4ss Art. 14 Abs. 1 ODR-VO und \u00a7 36 VSBG<\/h3>\n\n\n\n<p>Die Europ\u00e4ische Kommission stellt eine Plattform zur Online-Streitbeilegung (OS) bereit, die Sie unter&nbsp;<a href=\"https:\/\/ec.europa.eu\/consumers\/odr\" target=\"_blank\" rel=\"noreferrer noopener\">https:\/\/ec.europa.eu\/consumers\/odr<\/a>&nbsp;finden. Zur Teilnahme an einem Streitbeilegungsverfahren vor einer Verbraucherschlichtungsstelle sind wir nicht verpflichtet und nicht bereit.<\/p>\n<\/div><\/div>\n","protected":false},"excerpt":{"rendered":"<p>Impressum STIFTUNG DEUTSCHES EHRENAMT gemeinn\u00fctzige GmbH Leonrodstr. 6880636 M\u00fcnchen Vertreten durch:Gerrit Nolte, Fabio Palese, &#8230;<\/p>\n","protected":false},"author":1,"featured_media":0,"parent":0,"menu_order":0,"comment_status":"closed","ping_status":"closed","template":"","meta":{"_acf_changed":false,"_seopress_robots_primary_cat":"","_seopress_titles_title":"","_seopress_titles_desc":"","_seopress_robots_index":"","footnotes":""},"class_list":["post-28","page","type-page","status-publish"],"acf":[],"_links":{"self":[{"href":"https:\/\/benedetto.deutsches-ehrenamt.de\/vereinsmagazin\/wp-json\/wp\/v2\/pages\/28","targetHints":{"allow":["GET"]}}],"collection":[{"href":"https:\/\/benedetto.deutsches-ehrenamt.de\/vereinsmagazin\/wp-json\/wp\/v2\/pages"}],"about":[{"href":"https:\/\/benedetto.deutsches-ehrenamt.de\/vereinsmagazin\/wp-json\/wp\/v2\/types\/page"}],"author":[{"embeddable":true,"href":"https:\/\/benedetto.deutsches-ehrenamt.de\/vereinsmagazin\/wp-json\/wp\/v2\/users\/1"}],"replies":[{"embeddable":true,"href":"https:\/\/benedetto.deutsches-ehrenamt.de\/vereinsmagazin\/wp-json\/wp\/v2\/comments?post=28"}],"version-history":[{"count":5,"href":"https:\/\/benedetto.deutsches-ehrenamt.de\/vereinsmagazin\/wp-json\/wp\/v2\/pages\/28\/revisions"}],"predecessor-version":[{"id":2964,"href":"https:\/\/benedetto.deutsches-ehrenamt.de\/vereinsmagazin\/wp-json\/wp\/v2\/pages\/28\/revisions\/2964"}],"wp:attachment":[{"href":"https:\/\/benedetto.deutsches-ehrenamt.de\/vereinsmagazin\/wp-json\/wp\/v2\/media?parent=28"}],"curies":[{"name":"wp","href":"https:\/\/api.w.org\/{rel}","templated":true}]}}